{"id":3020,"date":"2024-12-12T20:32:14","date_gmt":"2024-12-12T20:32:14","guid":{"rendered":"https:\/\/diynadstreski.si\/?page_id=3020"},"modified":"2024-12-12T20:55:03","modified_gmt":"2024-12-12T20:55:03","slug":"nakup-na-obroke","status":"publish","type":"page","link":"https:\/\/diynadstreski.si\/hr\/nakup-na-obroke\/","title":{"rendered":"Nakup na obroke"},"content":{"rendered":"<div data-elementor-type=\"wp-page\" data-elementor-id=\"3020\" class=\"elementor elementor-3020\" data-elementor-post-type=\"page\">\n\t\t\t\t\t\t<section class=\"elementor-section elementor-top-section elementor-element elementor-element-f1a690c elementor-section-full_width kredit-stran elementor-section-height-default elementor-section-height-default wpr-particle-no wpr-jarallax-no wpr-parallax-no wpr-sticky-section-no jltma-glass-effect-no\" data-id=\"f1a690c\" data-element_type=\"section\" data-e-type=\"section\">\n\t\t\t\t\t\t<div class=\"elementor-container elementor-column-gap-default\">\n\t\t\t\t\t<div class=\"elementor-column elementor-col-100 elementor-top-column elementor-element elementor-element-3e7dd02 jltma-glass-effect-no\" data-id=\"3e7dd02\" data-element_type=\"column\" data-e-type=\"column\">\n\t\t\t<div class=\"elementor-widget-wrap elementor-element-populated\">\n\t\t\t\t\t\t<div class=\"elementor-element elementor-element-a7b6cca jltma-glass-effect-no elementor-widget elementor-widget-html\" data-id=\"a7b6cca\" data-element_type=\"widget\" data-e-type=\"widget\" data-widget_type=\"html.default\">\n\t\t\t\t<div class=\"elementor-widget-container\">\n\t\t\t\t\t<iframe id=\"enostavnoIframe\" src=\"https:\/\/1stavno.si\/iframe\/\"><\/iframe> \n\n<style> \n\n\u202f\u202f\u202f #enostavnoIframe { \n\n\u202f\u202f\u202f\u202f\u202f\u202f\u202f width:100%; \n\n\u202f\u202f\u202f\u202f\u202f\u202f\u202f border:none; \n\n\u202f\u202f\u202f } \n\n<\/style> \n\n<script> \n\n\u202f\u202f\u202f var iframe = document.getElementById(\"enostavnoIframe\"); \n\n\u202f\u202f\u202f window.addEventListener('message', function(event) { \n\n\u202f\u202f\u202f\u202f\u202f\u202f\u202f if (event.origin !== \"https:\/\/1stavno.si\") return; \n\n\u202f\u202f\u202f\u202f\u202f\u202f\u202f iframe.height = event.data; \n\n\u202f\u202f\u202f }); \n\n<\/script> \t\t\t\t<\/div>\n\t\t\t\t<\/div>\n\t\t\t\t\t<\/div>\n\t\t<\/div>\n\t\t\t\t\t<\/div>\n\t\t<\/section>\n\t\t\t\t<\/div>","protected":false},"excerpt":{"rendered":"","protected":false},"author":1,"featured_media":0,"parent":0,"menu_order":0,"comment_status":"closed","ping_status":"closed","template":"","meta":{"_angie_page":false,"inline_featured_image":false,"site-sidebar-layout":"no-sidebar","site-content-layout":"page-builder","ast-site-content-layout":"default","site-content-style":"default","site-sidebar-style":"default","ast-global-header-display":"","ast-banner-title-visibility":"","ast-main-header-display":"","ast-hfb-above-header-display":"","ast-hfb-below-header-display":"","ast-hfb-mobile-header-display":"","site-post-title":"disabled","ast-breadcrumbs-content":"","ast-featured-img":"disabled","footer-sml-layout":"","ast-disable-related-posts":"","theme-transparent-header-meta":"default","adv-header-id-meta":"","stick-header-meta":"","header-above-stick-meta":"","header-main-stick-meta":"","header-below-stick-meta":"","astra-migrate-meta-layouts":"default","ast-page-background-enabled":"default","ast-page-background-meta":{"desktop":{"background-color":"var(--ast-global-color-4)","background-image":"","background-repeat":"repeat","background-position":"center center","background-size":"auto","background-attachment":"scroll","background-type":"","background-media":"","overlay-type":"","overlay-color":"","overlay-opacity":"","overlay-gradient":""},"tablet":{"background-color":"","background-image":"","background-repeat":"repeat","background-position":"center center","background-size":"auto","background-attachment":"scroll","background-type":"","background-media":"","overlay-type":"","overlay-color":"","overlay-opacity":"","overlay-gradient":""},"mobile":{"background-color":"","background-image":"","background-repeat":"repeat","background-position":"center center","background-size":"auto","background-attachment":"scroll","background-type":"","background-media":"","overlay-type":"","overlay-color":"","overlay-opacity":"","overlay-gradient":""}},"ast-content-background-meta":{"desktop":{"background-color":"var(--ast-global-color-5)","background-image":"","background-repeat":"repeat","background-position":"center center","background-size":"auto","background-attachment":"scroll","background-type":"","background-media":"","overlay-type":"","overlay-color":"","overlay-opacity":"","overlay-gradient":""},"tablet":{"background-color":"var(--ast-global-color-5)","background-image":"","background-repeat":"repeat","background-position":"center center","background-size":"auto","background-attachment":"scroll","background-type":"","background-media":"","overlay-type":"","overlay-color":"","overlay-opacity":"","overlay-gradient":""},"mobile":{"background-color":"var(--ast-global-color-5)","background-image":"","background-repeat":"repeat","background-position":"center center","background-size":"auto","background-attachment":"scroll","background-type":"","background-media":"","overlay-type":"","overlay-color":"","overlay-opacity":"","overlay-gradient":""}},"footnotes":""},"class_list":["post-3020","page","type-page","status-publish","hentry"],"yoast_head":"<!-- This site is optimized with the Yoast SEO plugin v27.3 - https:\/\/yoast.com\/product\/yoast-seo-wordpress\/ -->\n<title>Nakup na obroke | DIY Nadstre\u0161ki<\/title>\n<meta name=\"description\" content=\"Naredite svoj prostor unikaten z lesenimi nadstre\u0161ki. Svojo ustvarjalnost lahko izrazite z merami nadstre\u0161ka, izbiro materialov, barv in postavitve, kar vam omogo\u010da, da se nadstre\u0161ek popolnoma prilagodi va\u0161emu okusu in slogu va\u0161ega doma.\" \/>\n<meta name=\"robots\" content=\"index, follow, max-snippet:-1, max-image-preview:large, max-video-preview:-1\" \/>\n<link rel=\"canonical\" href=\"https:\/\/diynadstreski.si\/hr\/nakup-na-obroke\/\" \/>\n<meta property=\"og:locale\" content=\"hr_HR\" \/>\n<meta property=\"og:type\" content=\"article\" \/>\n<meta property=\"og:title\" content=\"Nakup na obroke | DIY Nadstre\u0161ki\" \/>\n<meta property=\"og:description\" content=\"Naredite svoj prostor unikaten z lesenimi nadstre\u0161ki. Svojo ustvarjalnost lahko izrazite z merami nadstre\u0161ka, izbiro materialov, barv in postavitve, kar vam omogo\u010da, da se nadstre\u0161ek popolnoma prilagodi va\u0161emu okusu in slogu va\u0161ega doma.\" \/>\n<meta property=\"og:url\" content=\"https:\/\/diynadstreski.si\/hr\/nakup-na-obroke\/\" \/>\n<meta property=\"og:site_name\" content=\"DIY Nadstre\u0161ki\" \/>\n<meta property=\"article:modified_time\" content=\"2024-12-12T20:55:03+00:00\" \/>\n<meta property=\"og:image\" content=\"https:\/\/diynadstreski.si\/wp-content\/uploads\/2025\/01\/20240215_141904-scaled-1.jpg\" \/>\n\t<meta property=\"og:image:width\" content=\"1920\" \/>\n\t<meta property=\"og:image:height\" content=\"2560\" \/>\n\t<meta property=\"og:image:type\" content=\"image\/jpeg\" \/>\n<meta name=\"twitter:card\" content=\"summary_large_image\" \/>\n<script type=\"application\/ld+json\" class=\"yoast-schema-graph\">{\"@context\":\"https:\\\/\\\/schema.org\",\"@graph\":[{\"@type\":\"WebPage\",\"@id\":\"https:\\\/\\\/diynadstreski.si\\\/nakup-na-obroke\\\/\",\"url\":\"https:\\\/\\\/diynadstreski.si\\\/nakup-na-obroke\\\/\",\"name\":\"Nakup na obroke | DIY Nadstre\u0161ki\",\"isPartOf\":{\"@id\":\"https:\\\/\\\/diynadstreski.si\\\/#website\"},\"datePublished\":\"2024-12-12T20:32:14+00:00\",\"dateModified\":\"2024-12-12T20:55:03+00:00\",\"description\":\"Naredite svoj prostor unikaten z lesenimi nadstre\u0161ki. Svojo ustvarjalnost lahko izrazite z merami nadstre\u0161ka, izbiro materialov, barv in postavitve, kar vam omogo\u010da, da se nadstre\u0161ek popolnoma prilagodi va\u0161emu okusu in slogu va\u0161ega doma.\",\"breadcrumb\":{\"@id\":\"https:\\\/\\\/diynadstreski.si\\\/nakup-na-obroke\\\/#breadcrumb\"},\"inLanguage\":\"hr\",\"potentialAction\":[{\"@type\":\"ReadAction\",\"target\":[\"https:\\\/\\\/diynadstreski.si\\\/nakup-na-obroke\\\/\"]}]},{\"@type\":\"BreadcrumbList\",\"@id\":\"https:\\\/\\\/diynadstreski.si\\\/nakup-na-obroke\\\/#breadcrumb\",\"itemListElement\":[{\"@type\":\"ListItem\",\"position\":1,\"name\":\"Domov\",\"item\":\"https:\\\/\\\/diynadstreski.si\\\/\"},{\"@type\":\"ListItem\",\"position\":2,\"name\":\"Nakup na obroke\"}]},{\"@type\":\"WebSite\",\"@id\":\"https:\\\/\\\/diynadstreski.si\\\/#website\",\"url\":\"https:\\\/\\\/diynadstreski.si\\\/\",\"name\":\"DIY Nadstre\u0161ki\",\"description\":\"DIY Leseni nadstre\u0161ki\",\"publisher\":{\"@id\":\"https:\\\/\\\/diynadstreski.si\\\/#organization\"},\"potentialAction\":[{\"@type\":\"SearchAction\",\"target\":{\"@type\":\"EntryPoint\",\"urlTemplate\":\"https:\\\/\\\/diynadstreski.si\\\/?s={search_term_string}\"},\"query-input\":{\"@type\":\"PropertyValueSpecification\",\"valueRequired\":true,\"valueName\":\"search_term_string\"}}],\"inLanguage\":\"hr\"},{\"@type\":\"Organization\",\"@id\":\"https:\\\/\\\/diynadstreski.si\\\/#organization\",\"name\":\"DIY Nadstre\u0161ki\",\"url\":\"https:\\\/\\\/diynadstreski.si\\\/\",\"logo\":{\"@type\":\"ImageObject\",\"inLanguage\":\"hr\",\"@id\":\"https:\\\/\\\/diynadstreski.si\\\/#\\\/schema\\\/logo\\\/image\\\/\",\"url\":\"https:\\\/\\\/diynadstreski.si\\\/wp-content\\\/uploads\\\/2023\\\/08\\\/Logo-balant-021-1.svg\",\"contentUrl\":\"https:\\\/\\\/diynadstreski.si\\\/wp-content\\\/uploads\\\/2023\\\/08\\\/Logo-balant-021-1.svg\",\"width\":141,\"height\":53,\"caption\":\"DIY Nadstre\u0161ki\"},\"image\":{\"@id\":\"https:\\\/\\\/diynadstreski.si\\\/#\\\/schema\\\/logo\\\/image\\\/\"},\"sameAs\":[\"https:\\\/\\\/www.instagram.com\\\/diynadstreski\\\/\"]}]}<\/script>\n<!-- \/ Yoast SEO plugin. -->","yoast_head_json":{"title":"Nakup na obroke | DIY Nadstre\u0161ki","description":"Naredite svoj prostor unikaten z lesenimi nadstre\u0161ki. Svojo ustvarjalnost lahko izrazite z merami nadstre\u0161ka, izbiro materialov, barv in postavitve, kar vam omogo\u010da, da se nadstre\u0161ek popolnoma prilagodi va\u0161emu okusu in slogu va\u0161ega doma.","robots":{"index":"index","follow":"follow","max-snippet":"max-snippet:-1","max-image-preview":"max-image-preview:large","max-video-preview":"max-video-preview:-1"},"canonical":"https:\/\/diynadstreski.si\/hr\/nakup-na-obroke\/","og_locale":"hr_HR","og_type":"article","og_title":"Nakup na obroke | DIY Nadstre\u0161ki","og_description":"Naredite svoj prostor unikaten z lesenimi nadstre\u0161ki. Svojo ustvarjalnost lahko izrazite z merami nadstre\u0161ka, izbiro materialov, barv in postavitve, kar vam omogo\u010da, da se nadstre\u0161ek popolnoma prilagodi va\u0161emu okusu in slogu va\u0161ega doma.","og_url":"https:\/\/diynadstreski.si\/hr\/nakup-na-obroke\/","og_site_name":"DIY Nadstre\u0161ki","article_modified_time":"2024-12-12T20:55:03+00:00","og_image":[{"width":1920,"height":2560,"url":"https:\/\/diynadstreski.si\/wp-content\/uploads\/2025\/01\/20240215_141904-scaled-1.jpg","type":"image\/jpeg"}],"twitter_card":"summary_large_image","schema":{"@context":"https:\/\/schema.org","@graph":[{"@type":"WebPage","@id":"https:\/\/diynadstreski.si\/nakup-na-obroke\/","url":"https:\/\/diynadstreski.si\/nakup-na-obroke\/","name":"Nakup na obroke | DIY Nadstre\u0161ki","isPartOf":{"@id":"https:\/\/diynadstreski.si\/#website"},"datePublished":"2024-12-12T20:32:14+00:00","dateModified":"2024-12-12T20:55:03+00:00","description":"Naredite svoj prostor unikaten z lesenimi nadstre\u0161ki. Svojo ustvarjalnost lahko izrazite z merami nadstre\u0161ka, izbiro materialov, barv in postavitve, kar vam omogo\u010da, da se nadstre\u0161ek popolnoma prilagodi va\u0161emu okusu in slogu va\u0161ega doma.","breadcrumb":{"@id":"https:\/\/diynadstreski.si\/nakup-na-obroke\/#breadcrumb"},"inLanguage":"hr","potentialAction":[{"@type":"ReadAction","target":["https:\/\/diynadstreski.si\/nakup-na-obroke\/"]}]},{"@type":"BreadcrumbList","@id":"https:\/\/diynadstreski.si\/nakup-na-obroke\/#breadcrumb","itemListElement":[{"@type":"ListItem","position":1,"name":"Domov","item":"https:\/\/diynadstreski.si\/"},{"@type":"ListItem","position":2,"name":"Nakup na obroke"}]},{"@type":"WebSite","@id":"https:\/\/diynadstreski.si\/#website","url":"https:\/\/diynadstreski.si\/","name":"DIY Nastre\u0161nice","description":"DIY Leseni nadstre\u0161ki","publisher":{"@id":"https:\/\/diynadstreski.si\/#organization"},"potentialAction":[{"@type":"SearchAction","target":{"@type":"EntryPoint","urlTemplate":"https:\/\/diynadstreski.si\/?s={search_term_string}"},"query-input":{"@type":"PropertyValueSpecification","valueRequired":true,"valueName":"search_term_string"}}],"inLanguage":"hr"},{"@type":"Organization","@id":"https:\/\/diynadstreski.si\/#organization","name":"DIY Nastre\u0161nice","url":"https:\/\/diynadstreski.si\/","logo":{"@type":"ImageObject","inLanguage":"hr","@id":"https:\/\/diynadstreski.si\/#\/schema\/logo\/image\/","url":"https:\/\/diynadstreski.si\/wp-content\/uploads\/2023\/08\/Logo-balant-021-1.svg","contentUrl":"https:\/\/diynadstreski.si\/wp-content\/uploads\/2023\/08\/Logo-balant-021-1.svg","width":141,"height":53,"caption":"DIY Nadstre\u0161ki"},"image":{"@id":"https:\/\/diynadstreski.si\/#\/schema\/logo\/image\/"},"sameAs":["https:\/\/www.instagram.com\/diynadstreski\/"]}]}},"_links":{"self":[{"href":"https:\/\/diynadstreski.si\/hr\/wp-json\/wp\/v2\/pages\/3020","targetHints":{"allow":["GET"]}}],"collection":[{"href":"https:\/\/diynadstreski.si\/hr\/wp-json\/wp\/v2\/pages"}],"about":[{"href":"https:\/\/diynadstreski.si\/hr\/wp-json\/wp\/v2\/types\/page"}],"author":[{"embeddable":true,"href":"https:\/\/diynadstreski.si\/hr\/wp-json\/wp\/v2\/users\/1"}],"replies":[{"embeddable":true,"href":"https:\/\/diynadstreski.si\/hr\/wp-json\/wp\/v2\/comments?post=3020"}],"version-history":[{"count":0,"href":"https:\/\/diynadstreski.si\/hr\/wp-json\/wp\/v2\/pages\/3020\/revisions"}],"wp:attachment":[{"href":"https:\/\/diynadstreski.si\/hr\/wp-json\/wp\/v2\/media?parent=3020"}],"curies":[{"name":"wp","href":"https:\/\/api.w.org\/{rel}","templated":true}]}}